{"id":10,"date":"2013-04-09T20:41:56","date_gmt":"2013-04-09T18:41:56","guid":{"rendered":"http:\/\/www.christophbeer.de\/data\/dpsg\/stamm\/?page_id=10"},"modified":"2026-01-09T14:21:11","modified_gmt":"2026-01-09T13:21:11","slug":"stufen-gruppen","status":"publish","type":"page","link":"https:\/\/www.christophbeer.de\/data\/dpsg\/stamm_02\/stufen-gruppen\/","title":{"rendered":"Stufen | Gruppen"},"content":{"rendered":"<h4><\/h4>\n<h3 style=\"text-align: center;\"><strong>Aktuelle Gruppenstunden:<\/strong><\/h3>\n<ul>\n<li>\n<h5><span style=\"color: #000000;\"><strong>W\u00f6lflinge &#8211; Sippe Eichh\u00f6rnchen\u00a0<\/strong>| Montag\u00a0von 17.00 Uhr bis 18.00 Uhr<\/span><\/h5>\n<\/li>\n<li>\n<h5><span style=\"color: #000000;\"><strong>W\u00f6lflinge &#8211; Sippe\u00a0Drache\u00a0<\/strong>| Freitag von 18.00 Uhr bis 19.00 Uhr<\/span><\/h5>\n<\/li>\n<li>\n<h5><span style=\"color: #000000;\"><strong>Jungpfadfinder &#8211; Sippe Falke<\/strong>\u00a0|\u00a0Dienstag\u00a0von 17.00 bis 18.00 Uhr<\/span><\/h5>\n<\/li>\n<li>\n<h5><span style=\"color: #000000;\"><strong>Pfadfinder &#8211; Sippe Luchs<\/strong>\u00a0| Donnerstag von 19.00 bis 20.00 Uhr<\/span><\/h5>\n<\/li>\n<li>\n<h5><span style=\"color: #000000;\"><strong>Rover &#8211; Sippe Igel\u00a0<\/strong>| Montag von 19.15 bis 20.15 Uhr<\/span><\/h5>\n<\/li>\n<\/ul>\n<h3 style=\"text-align: center;\">Neben diesen Gruppen gibt es auch noch die Leiterrunde, die sich in regelm\u00e4\u00dfigen Abst\u00e4nden trifft um die kommenden Aktionen zu planen oder allgemeine Themen zu besprechen.<\/h3>\n<h3 style=\"text-align: center;\">Au\u00dferdem wird unser Stamm durch\u00a0die\u00a0Old Scouts\u00a0Windischeschenbach\u00a0sowie die\u00a0Gemeinschaft Sankt Georg\u00a0unterst\u00fctzt.<\/h3>\n","protected":false},"excerpt":{"rendered":"<p>Aktuelle Gruppenstunden: W\u00f6lflinge &#8211; Sippe Eichh\u00f6rnchen\u00a0| Montag\u00a0von 17.00 Uhr bis 18.00 Uhr W\u00f6lflinge &#8211; Sippe\u00a0Drache\u00a0| Freitag von 18.00 Uhr bis 19.00 Uhr Jungpfadfinder &#8211; Sippe Falke\u00a0|\u00a0Dienstag\u00a0von 17.00 bis 18.00 Uhr Pfadfinder &#8211; Sippe Luchs\u00a0| Donnerstag von 19.00 bis 20.00 Uhr Rover &#8211; Sippe Igel\u00a0| Montag von 19.15 bis 20.15 Uhr Neben diesen Gruppen gibt es [&hellip;]<\/p>\n","protected":false},"author":2,"featured_media":0,"parent":0,"menu_order":20,"comment_status":"closed","ping_status":"closed","template":"","meta":{"footnotes":""},"class_list":["post-10","page","type-page","status-publish","hentry"],"_links":{"self":[{"href":"https:\/\/www.christophbeer.de\/data\/dpsg\/stamm_02\/wp-json\/wp\/v2\/pages\/10","targetHints":{"allow":["GET"]}}],"collection":[{"href":"https:\/\/www.christophbeer.de\/data\/dpsg\/stamm_02\/wp-json\/wp\/v2\/pages"}],"about":[{"href":"https:\/\/www.christophbeer.de\/data\/dpsg\/stamm_02\/wp-json\/wp\/v2\/types\/page"}],"author":[{"embeddable":true,"href":"https:\/\/www.christophbeer.de\/data\/dpsg\/stamm_02\/wp-json\/wp\/v2\/users\/2"}],"replies":[{"embeddable":true,"href":"https:\/\/www.christophbeer.de\/data\/dpsg\/stamm_02\/wp-json\/wp\/v2\/comments?post=10"}],"version-history":[{"count":32,"href":"https:\/\/www.christophbeer.de\/data\/dpsg\/stamm_02\/wp-json\/wp\/v2\/pages\/10\/revisions"}],"predecessor-version":[{"id":2474,"href":"https:\/\/www.christophbeer.de\/data\/dpsg\/stamm_02\/wp-json\/wp\/v2\/pages\/10\/revisions\/2474"}],"wp:attachment":[{"href":"https:\/\/www.christophbeer.de\/data\/dpsg\/stamm_02\/wp-json\/wp\/v2\/media?parent=10"}],"curies":[{"name":"wp","href":"https:\/\/api.w.org\/{rel}","templated":true}]}}