{"id":12,"date":"2013-04-09T20:42:15","date_gmt":"2013-04-09T18:42:15","guid":{"rendered":"http:\/\/www.christophbeer.de\/data\/dpsg\/stamm\/?page_id=12"},"modified":"2026-01-05T20:56:40","modified_gmt":"2026-01-05T19:56:40","slug":"wolflinge","status":"publish","type":"page","link":"https:\/\/www.christophbeer.de\/data\/dpsg\/stamm_02\/stufen-gruppen\/wolflinge\/","title":{"rendered":"Jungpfadfinder"},"content":{"rendered":"<p style=\"text-align: center;\"><strong>Auf dich freuen sich die Gruppenleiter Lisa und Philipp!<\/strong><\/p>\n<p style=\"text-align: center;\"><img loading=\"lazy\" decoding=\"async\" class=\"aligncenter wp-image-2395 size-large\" src=\"http:\/\/www.christophbeer.de\/data\/dpsg\/stamm_02\/wp-content\/uploads\/2013\/04\/Foto-08.05.24-18-43-10-1024x768.jpg\" alt=\"\" width=\"610\" height=\"458\" srcset=\"https:\/\/www.christophbeer.de\/data\/dpsg\/stamm_02\/wp-content\/uploads\/2013\/04\/Foto-08.05.24-18-43-10-1024x768.jpg 1024w, https:\/\/www.christophbeer.de\/data\/dpsg\/stamm_02\/wp-content\/uploads\/2013\/04\/Foto-08.05.24-18-43-10-300x225.jpg 300w, https:\/\/www.christophbeer.de\/data\/dpsg\/stamm_02\/wp-content\/uploads\/2013\/04\/Foto-08.05.24-18-43-10-768x576.jpg 768w\" sizes=\"auto, (max-width: 610px) 100vw, 610px\" \/><\/p>\n<p style=\"text-align: center;\">Die Zielgruppe der Jungpfadfinderstufe sind M\u00e4dchen und Jungen im Alter von 10 bis 13 Jahren. Gemeinsam treffen sie sich einmal in der Woche zur Truppstunde. Ein Trupp besteht aus 10 bis 20 Jungpfadfinderinnen und Jungpfadfindern. Im Jungpfadfindertrupp k\u00f6nnen die Kinder erfahren, was es hei\u00dft, in einer Gruppe zu leben.<\/p>\n<p style=\"text-align: center;\">Sie lernen,<br \/>\nsich auseinanderzusetzen<span style=\"color: #000000; font-family: Times New Roman; font-size: medium;\">,<\/span><br \/>\nmiteinander umzugehen,<br \/>\nvoneinander zu lernen,<br \/>\neinander zu akzeptieren<br \/>\nund aufeinander R\u00fccksicht zu nehmen.<img loading=\"lazy\" decoding=\"async\" class=\"alignright\" src=\"http:\/\/www.christophbeer.de\/data\/dpsg\/stamm_02\/wp-content\/uploads\/2013\/04\/logo_kobold-180x300.jpg\" alt=\"logo_kobold\" width=\"162\" height=\"270\" \/><\/p>\n<p style=\"text-align: center;\">Dabei steht der Spa\u00df am Zusammenleben im Vordergrund. Schwerpunkt des gemeinsamen Erlebens ist bei Jungpfadfinderinnen und Jungpfadfindern das Abenteuer. St\u00fcck f\u00fcr St\u00fcck erobern sie ihre Welt, schauen hinter die Dinge und erfahren ihre Grenzen. Pfadfinderische Erziehung bedeutet Erziehung zu zunehmender Selbstbestimmung. Das hei\u00dft f\u00fcr Jungpfadfinderinnen und Jungpfadfinder: Sie bestimmen das Truppleben und die gemeinsamen Unternehmungen immer mehr mit und gewinnen dadurch eine eigene Sicht der Dinge. Jungpfadfinder in der DPSG lernen, ihre W\u00fcnsche durch- und umzusetzen und daf\u00fcr Verantwortung zu tragen. Sie nehmen so Einfluss auf ihr Umfeld und ihre Lebenswelt. Bei all diesen Erfahrungen stehen ihnen die Leiterinnen und Leiter als Wegbegleiter zur Seite. Das Leitungsteam f\u00f6rdert den Mut, offen \u00fcber Tr\u00e4ume und \u00c4ngste, Pl\u00e4ne und Hoffnungen zu sprechen und unterst\u00fctzt die Kinder in ihrer Entwicklung.<\/p>\n<p>&nbsp;<\/p>\n","protected":false},"excerpt":{"rendered":"<p>Auf dich freuen sich die Gruppenleiter Lisa und Philipp! Die Zielgruppe der Jungpfadfinderstufe sind M\u00e4dchen und Jungen im Alter von 10 bis 13 Jahren. Gemeinsam treffen sie sich einmal in der Woche zur Truppstunde. Ein Trupp besteht aus 10 bis 20 Jungpfadfinderinnen und Jungpfadfindern. Im Jungpfadfindertrupp k\u00f6nnen die Kinder erfahren, was es hei\u00dft, in einer [&hellip;]<\/p>\n","protected":false},"author":2,"featured_media":0,"parent":10,"menu_order":22,"comment_status":"closed","ping_status":"closed","template":"","meta":{"footnotes":""},"class_list":["post-12","page","type-page","status-publish","hentry"],"_links":{"self":[{"href":"https:\/\/www.christophbeer.de\/data\/dpsg\/stamm_02\/wp-json\/wp\/v2\/pages\/12","targetHints":{"allow":["GET"]}}],"collection":[{"href":"https:\/\/www.christophbeer.de\/data\/dpsg\/stamm_02\/wp-json\/wp\/v2\/pages"}],"about":[{"href":"https:\/\/www.christophbeer.de\/data\/dpsg\/stamm_02\/wp-json\/wp\/v2\/types\/page"}],"author":[{"embeddable":true,"href":"https:\/\/www.christophbeer.de\/data\/dpsg\/stamm_02\/wp-json\/wp\/v2\/users\/2"}],"replies":[{"embeddable":true,"href":"https:\/\/www.christophbeer.de\/data\/dpsg\/stamm_02\/wp-json\/wp\/v2\/comments?post=12"}],"version-history":[{"count":16,"href":"https:\/\/www.christophbeer.de\/data\/dpsg\/stamm_02\/wp-json\/wp\/v2\/pages\/12\/revisions"}],"predecessor-version":[{"id":2468,"href":"https:\/\/www.christophbeer.de\/data\/dpsg\/stamm_02\/wp-json\/wp\/v2\/pages\/12\/revisions\/2468"}],"up":[{"embeddable":true,"href":"https:\/\/www.christophbeer.de\/data\/dpsg\/stamm_02\/wp-json\/wp\/v2\/pages\/10"}],"wp:attachment":[{"href":"https:\/\/www.christophbeer.de\/data\/dpsg\/stamm_02\/wp-json\/wp\/v2\/media?parent=12"}],"curies":[{"name":"wp","href":"https:\/\/api.w.org\/{rel}","templated":true}]}}