{"id":15,"date":"2013-04-09T20:42:47","date_gmt":"2013-04-09T18:42:47","guid":{"rendered":"http:\/\/www.christophbeer.de\/data\/dpsg\/stamm\/?page_id=15"},"modified":"2024-05-17T08:08:16","modified_gmt":"2024-05-17T06:08:16","slug":"pfadfinder","status":"publish","type":"page","link":"https:\/\/www.christophbeer.de\/data\/dpsg\/stamm_02\/stufen-gruppen\/pfadfinder\/","title":{"rendered":"Pfadfinder"},"content":{"rendered":"<p><strong>Auf dich freuen sich die Gruppenleiter Elisabeth, Amelie, Florian und Johannes!<\/strong><\/p>\n<p><img loading=\"lazy\" decoding=\"async\" class=\"aligncenter wp-image-2396 size-large\" src=\"http:\/\/www.christophbeer.de\/data\/dpsg\/stamm_02\/wp-content\/uploads\/2013\/04\/Foto-08.05.24-18-50-41-1024x768.jpg\" alt=\"\" width=\"610\" height=\"458\" srcset=\"https:\/\/www.christophbeer.de\/data\/dpsg\/stamm_02\/wp-content\/uploads\/2013\/04\/Foto-08.05.24-18-50-41-1024x768.jpg 1024w, https:\/\/www.christophbeer.de\/data\/dpsg\/stamm_02\/wp-content\/uploads\/2013\/04\/Foto-08.05.24-18-50-41-300x225.jpg 300w, https:\/\/www.christophbeer.de\/data\/dpsg\/stamm_02\/wp-content\/uploads\/2013\/04\/Foto-08.05.24-18-50-41-768x576.jpg 768w\" sizes=\"auto, (max-width: 610px) 100vw, 610px\" \/><\/p>\n<p>Mitglieder der Pfadfinderstufe sind Jugendlich im Alter zwischen 14 und 16 Jahren.<\/p>\n<p style=\"text-align: center;\" align=\"center\">Pfadfinder sind &#8222;Unternehmer&#8220;\u00a0<img loading=\"lazy\" decoding=\"async\" class=\"wp-image-817 size-thumbnail alignright\" src=\"http:\/\/www.christophbeer.de\/data\/dpsg\/stamm_02\/wp-content\/uploads\/2013\/04\/Pfadfinderstufe_Logo-150x150.jpg\" alt=\"Pfadfinderstufe_Logo\" width=\"150\" height=\"150\" srcset=\"https:\/\/www.christophbeer.de\/data\/dpsg\/stamm_02\/wp-content\/uploads\/2013\/04\/Pfadfinderstufe_Logo-150x150.jpg 150w, https:\/\/www.christophbeer.de\/data\/dpsg\/stamm_02\/wp-content\/uploads\/2013\/04\/Pfadfinderstufe_Logo-300x300.jpg 300w, https:\/\/www.christophbeer.de\/data\/dpsg\/stamm_02\/wp-content\/uploads\/2013\/04\/Pfadfinderstufe_Logo-768x768.jpg 768w, https:\/\/www.christophbeer.de\/data\/dpsg\/stamm_02\/wp-content\/uploads\/2013\/04\/Pfadfinderstufe_Logo-1024x1024.jpg 1024w, https:\/\/www.christophbeer.de\/data\/dpsg\/stamm_02\/wp-content\/uploads\/2013\/04\/Pfadfinderstufe_Logo-100x100.jpg 100w\" sizes=\"auto, (max-width: 150px) 100vw, 150px\" \/><\/p>\n<p style=\"text-align: center;\" align=\"center\">&#8222;Wage es, deinen Lebensstil zu finden, bek\u00e4mpfe nicht Deine Tr\u00e4ume&#8220;,<br \/>\nhei\u00dft die Aufforderung an die Jugendlichen im Pfadfinderalter. In ihrem Trupp erfahren sie R\u00fcckhalt und werden zugleich herausgefordert ihre Tr\u00e4ume und Ideen umzusetzen. Die Auseinandersetzung mit der eigenen Situation &#8211; ob allein oder in der Gruppe ermutigt zum Handeln und st\u00e4rkt die Freude an der Entscheidung.<\/p>\n<p style=\"text-align: center;\" align=\"center\">Im Mittelpunkt der Pfadfinderstufe steht das Unternehmen:<br \/>\nEin au\u00dfergew\u00f6hnliches Abenteuer,<br \/>\ndessen Zielpunkt neuartig ist<br \/>\nund das deutliche Forderungen an alle individuellen F\u00e4higkeiten stellt.<\/p>\n<p style=\"text-align: center;\" align=\"center\">Beim Unternehmen werden eingetretene Pfade verlassen und neue gefunden, indem die Jugendlichen ihre F\u00e4higkeiten einsetzen, um ihre Tr\u00e4ume zu verwirklichen. Einfallsreichtum und Kreativit\u00e4t werden dabei keine Grenzen gesetzt: Egal, ob die Pfadfinderinnen und Pfadfinder mit einem Stra\u00dfentheater \u00fcber Umweltverschmutzung informieren oder eine Trekkingtour durch Island planen &#8211; auf den Einzelnen in der Gruppe kommt es an:<br \/>\nJeder bringt seine individuellen Kenntnisse und F\u00e4higkeiten ein. Die Erziehung zur Verantwortung spielt in der Pfadfinderstufe eine wichtige Rolle: Der Pfadfindertrupp bestimmt sein Programm selbst. Pfadfinderinnen und Pfadfinder \u00fcbernehmen Verantwortung f\u00fcr sich und andere und lernen, zu ihren Entscheidungen zu stehen.<\/p>\n<p style=\"text-align: center;\">\u00a0Leiterinnen und Leiter begleiten die Jugendlichen auf dem Weg zum Erwachsenwerden: Ermutigen, nicht bremsen. F\u00f6rdern, nicht hemmen. Ernstnehmen, nicht missachten &#8211; dies sind die vordringlichen Aufgaben des Leitungsteams in dieser Altersstufe. Leiterinnen und Leiter werden in der Pfadfinderstufe immer mehr zu Freunden. &#8222;Leiten mitten im Trupp&#8220; hei\u00dft das Leitungsverst\u00e4ndnis in der Pfadfinderstufe.<\/p>\n","protected":false},"excerpt":{"rendered":"<p>Auf dich freuen sich die Gruppenleiter Elisabeth, Amelie, Florian und Johannes! Mitglieder der Pfadfinderstufe sind Jugendlich im Alter zwischen 14 und 16 Jahren. Pfadfinder sind &#8222;Unternehmer&#8220;\u00a0 &#8222;Wage es, deinen Lebensstil zu finden, bek\u00e4mpfe nicht Deine Tr\u00e4ume&#8220;, hei\u00dft die Aufforderung an die Jugendlichen im Pfadfinderalter. In ihrem Trupp erfahren sie R\u00fcckhalt und werden zugleich herausgefordert ihre [&hellip;]<\/p>\n","protected":false},"author":2,"featured_media":0,"parent":10,"menu_order":23,"comment_status":"closed","ping_status":"closed","template":"","meta":{"footnotes":""},"class_list":["post-15","page","type-page","status-publish","hentry"],"_links":{"self":[{"href":"https:\/\/www.christophbeer.de\/data\/dpsg\/stamm_02\/wp-json\/wp\/v2\/pages\/15","targetHints":{"allow":["GET"]}}],"collection":[{"href":"https:\/\/www.christophbeer.de\/data\/dpsg\/stamm_02\/wp-json\/wp\/v2\/pages"}],"about":[{"href":"https:\/\/www.christophbeer.de\/data\/dpsg\/stamm_02\/wp-json\/wp\/v2\/types\/page"}],"author":[{"embeddable":true,"href":"https:\/\/www.christophbeer.de\/data\/dpsg\/stamm_02\/wp-json\/wp\/v2\/users\/2"}],"replies":[{"embeddable":true,"href":"https:\/\/www.christophbeer.de\/data\/dpsg\/stamm_02\/wp-json\/wp\/v2\/comments?post=15"}],"version-history":[{"count":14,"href":"https:\/\/www.christophbeer.de\/data\/dpsg\/stamm_02\/wp-json\/wp\/v2\/pages\/15\/revisions"}],"predecessor-version":[{"id":2402,"href":"https:\/\/www.christophbeer.de\/data\/dpsg\/stamm_02\/wp-json\/wp\/v2\/pages\/15\/revisions\/2402"}],"up":[{"embeddable":true,"href":"https:\/\/www.christophbeer.de\/data\/dpsg\/stamm_02\/wp-json\/wp\/v2\/pages\/10"}],"wp:attachment":[{"href":"https:\/\/www.christophbeer.de\/data\/dpsg\/stamm_02\/wp-json\/wp\/v2\/media?parent=15"}],"curies":[{"name":"wp","href":"https:\/\/api.w.org\/{rel}","templated":true}]}}