{"id":157,"date":"2013-04-10T23:04:41","date_gmt":"2013-04-10T21:04:41","guid":{"rendered":"http:\/\/www.christophbeer.de\/data\/dpsg\/stamm\/?page_id=157"},"modified":"2017-01-24T10:59:03","modified_gmt":"2017-01-24T09:59:03","slug":"geschichte-des-stammes-windischeschenbach","status":"publish","type":"page","link":"https:\/\/www.christophbeer.de\/data\/dpsg\/stamm_02\/wissen\/geschichte-des-stammes-windischeschenbach\/","title":{"rendered":"Die Geschichte unseres Stammes Windischeschenbach"},"content":{"rendered":"<div align=\"center\"><\/div>\n<h4 style=\"text-align: left;\" align=\"center\">\u2026wie und warum alles mehrmals begann.<br \/>\n\u2026 \u00fcber die Gr\u00fcndungsv\u00e4ter.<\/h4>\n<p>Im Jahre 1928\/29 entstanden in Windischeschenbach allerlei Jugendgruppen, aus der sich dann der Jungm\u00e4nnerverein und sp\u00e4ter die sogenannten Wandergruppen herauskristallisierten. Der damalige Pr\u00e4fekt vom Jungm\u00e4nnerverein war Leonhard Neubauer.<\/p>\n<p>So wurde der Stamm Windischeschenbach in Verbindung mit dem Stamm Weiden 1931 gegr\u00fcndet. Der damalige Landesfeldmeister hie\u00df Pleines. Stammesf\u00fchrer wurde Leonhard Neubauer. Bereits 1934 verf\u00fcgte der Stamm \u00fcber eine sehr starke Mitgliederzahl.<\/p>\n<p>W\u00e4hrend der Nazizeit 1934\/35 verzeichnete man teilweise sogar 120 Mitglieder.<\/p>\n<p>Kennzeichen dieser Zeit waren:<\/p>\n<ul>\n<li>Aufnahmeproben mussten noch abgelegt werden<\/li>\n<li>sehr strenge Regeln und Sitten herrschten<\/li>\n<li>viele Wochenendwanderungen und Zeltlager wurden abgehalten.<\/li>\n<\/ul>\n<p>Eine starke Verfolgung durch die Hitlerjugend setzte ein. Bei den Veranstaltungen war immer ein Polizist oder ein SA-Mann dabei; bei den Gruppenf\u00fchrern, Stammesleitern und anderen Verantwortlichen wurden stichprobenartige Hausdurchsuchungen durchgef\u00fchrt, dabei wurden Gegenst\u00e4nde, die die Pfadfinderarbeit\u00a0betrafen beschlagnahmt. So wurde eine Pfingstwanderung der Pfadfinder von ca. 100 Mitgliedern der Hitlerjugend eingekreist und es wurden ihnen die Pfadfinderhemden, die die\u00a0Bezeichnung Kluft tragen, abgenommen. Es folgte ein Verbot das Banner des Stammes in der \u00d6ffentlichkeit zu tragen. Die\u00a0Freiheit des Verbandes wurde dadurch sehr stark eingeschr\u00e4nkt.<\/p>\n<p>Die Pfadfinder wurden als politische Gruppe abgestempelt.<\/p>\n<p>Das Stammesleben lief deshalb in geheimen Sitzungen weiter und der Wirkungskreis verlegte sich immer mehr in den Hintergrund. Gro\u00dfe Anstrengungen wurden unternommen, um z.B. Fahrten und Wanderungen durchzuf\u00fchren ohne erkannt bzw. verfolgt zu werden.<\/p>\n<p>Schlie\u00dflich wurde Ende 1936 die DPSG angeblich zum \u201cSchutz von Volk und Staat\u201c zwangsweise verboten, denn die Hitlerjugend wollte allein die Freizeitangebote an die Jugend aussuchen und bestreiten.<\/p>\n<p>Um 1948\/49 erfolgte wieder eine Gr\u00fcndung des Stammes, der ja in der Nachkriegszeit v\u00f6llig zersplittert war. Die Stammesf\u00fchrer Hans Sch\u00f6ner, Erhard Hankl und Horst Schellkopf und Namen wie Karl Schreier, Hans Sertl, Hans Heimerl und mehrere treue Pfadfinder konnten den Stamm noch f\u00fcr einige Jahre ins Leben zur\u00fcckrufen.<\/p>\n<p>Der Stamm bestand in dieser Zeit aus 4 Gruppen mit ca. 65 Mitgliedern.<\/p>\n<p>Von 1961-1965 herrschte dann gro\u00dfe Stille um den Stamm in Windischeschenbach.<\/p>\n<p>Als sich im Jahre 1965 dann Personen wie Neubauer Bernhard, Menner Willi, Laubenstein Josef, Dobner Berthold, B\u00e4umler Werner, Sch\u00e4fer Hans, Giehl Ossi, Pischulti Herbert f\u00fcr die Arbeit der Pfadfinder interessierten, wurde der Stamm 1966 im September erneut aufgebaut und aus dem Schlaf erweckt.<\/p>\n<p style=\"text-align: center;\">\u00a0<img loading=\"lazy\" decoding=\"async\" class=\"aligncenter\" src=\"http:\/\/www.christophbeer.de\/data\/dpsg\/stamm_02\/wp-content\/uploads\/2013\/04\/eintragung.jpg\" alt=\"eintragung\" width=\"750\" height=\"447\" \/><\/p>\n<p>So verstrichen die Jahre, in denen man den Stamm weiter ausbaute und durch Veranstaltungen aller Art in der \u00d6ffentlichkeit bekannt machte.<\/p>\n<p>&nbsp;<\/p>\n","protected":false},"excerpt":{"rendered":"<p>\u2026wie und warum alles mehrmals begann. \u2026 \u00fcber die Gr\u00fcndungsv\u00e4ter. Im Jahre 1928\/29 entstanden in Windischeschenbach allerlei Jugendgruppen, aus der sich dann der Jungm\u00e4nnerverein und sp\u00e4ter die sogenannten Wandergruppen herauskristallisierten. Der damalige Pr\u00e4fekt vom Jungm\u00e4nnerverein war Leonhard Neubauer. So wurde der Stamm Windischeschenbach in Verbindung mit dem Stamm Weiden 1931 gegr\u00fcndet. Der damalige Landesfeldmeister hie\u00df [&hellip;]<\/p>\n","protected":false},"author":2,"featured_media":0,"parent":25,"menu_order":0,"comment_status":"closed","ping_status":"closed","template":"","meta":{"footnotes":""},"class_list":["post-157","page","type-page","status-publish","hentry"],"_links":{"self":[{"href":"https:\/\/www.christophbeer.de\/data\/dpsg\/stamm_02\/wp-json\/wp\/v2\/pages\/157","targetHints":{"allow":["GET"]}}],"collection":[{"href":"https:\/\/www.christophbeer.de\/data\/dpsg\/stamm_02\/wp-json\/wp\/v2\/pages"}],"about":[{"href":"https:\/\/www.christophbeer.de\/data\/dpsg\/stamm_02\/wp-json\/wp\/v2\/types\/page"}],"author":[{"embeddable":true,"href":"https:\/\/www.christophbeer.de\/data\/dpsg\/stamm_02\/wp-json\/wp\/v2\/users\/2"}],"replies":[{"embeddable":true,"href":"https:\/\/www.christophbeer.de\/data\/dpsg\/stamm_02\/wp-json\/wp\/v2\/comments?post=157"}],"version-history":[{"count":2,"href":"https:\/\/www.christophbeer.de\/data\/dpsg\/stamm_02\/wp-json\/wp\/v2\/pages\/157\/revisions"}],"predecessor-version":[{"id":1652,"href":"https:\/\/www.christophbeer.de\/data\/dpsg\/stamm_02\/wp-json\/wp\/v2\/pages\/157\/revisions\/1652"}],"up":[{"embeddable":true,"href":"https:\/\/www.christophbeer.de\/data\/dpsg\/stamm_02\/wp-json\/wp\/v2\/pages\/25"}],"wp:attachment":[{"href":"https:\/\/www.christophbeer.de\/data\/dpsg\/stamm_02\/wp-json\/wp\/v2\/media?parent=157"}],"curies":[{"name":"wp","href":"https:\/\/api.w.org\/{rel}","templated":true}]}}