{"id":25,"date":"2013-04-09T20:45:30","date_gmt":"2013-04-09T18:45:30","guid":{"rendered":"http:\/\/www.christophbeer.de\/data\/dpsg\/stamm\/?page_id=25"},"modified":"2017-01-24T10:58:23","modified_gmt":"2017-01-24T09:58:23","slug":"wissen","status":"publish","type":"page","link":"https:\/\/www.christophbeer.de\/data\/dpsg\/stamm_02\/wissen\/","title":{"rendered":"Wissen | N\u00fctzliches"},"content":{"rendered":"<h3 style=\"text-align: left;\" align=\"center\"><b><\/b><b>Das Motto: \u201cbe prepared\u201d \u2013 \u201eAllzeit bereit\u201c<\/b><\/h3>\n<h4><img loading=\"lazy\" decoding=\"async\" class=\"alignright\" src=\"http:\/\/www.christophbeer.de\/data\/dpsg\/stamm_02\/wp-content\/uploads\/2013\/04\/prepared1.jpg\" alt=\"prepared1\" width=\"160\" height=\"120\" \/><\/h4>\n<p>Mit dem Pfadfindermotto wird die (Charakter-)Eigenschaft eines Pfadfinders auf den Punkt gebracht, die nach der Meinung von Baden-Powell, Voraussetzung f\u00fcr die Erf\u00fcllung aller gestellten Aufgaben und die Verrichtung aller Dinge, die man sich vornimmt, erforderlich ist: Allzeit bereit\/gut vorbereitet zu sein. Es kann in allen m\u00f6glichen Situationen des Lebens \u2013 bei den Pfadfindern und auch im allt\u00e4glichen Bereich \u2013 vorkommen, dass man in eine Situation ger\u00e4t, in der man entsprechend handeln muss \u2013 und daf\u00fcr sollten wir als Pfadfinder zum Einen uns vorbereiten und\u00a0zum Anderen auch wachsam und aufmerksam bleiben.<\/p>\n<p>&nbsp;<\/p>\n<h4><b>Der Wahlspruch: \u201cDo a good turn daily\u201d \u2013 \u201eJeden Tag eine gute Tat\u201c<\/b><\/h4>\n<p>Oft wird der Pfadfinderslogan mit dem Bild von dem kleinen W\u00f6lfling in Kluft, der einer Oma \u00fcber die Stra\u00dfe hilft, gleichgesetzt. Dabei ist der Wahlspruch \u2013 vor allem bei Kindern \u2013 bestens dazu geeignet, das Engagement der Pfadfinder in alle m\u00f6glichen Bereichen zu \u00fcbertragen. Gute Taten sind nicht nur das \u00dcber-die-Stra\u00dfe-helfen oder reines Samaritertum, sondern k\u00f6nnen auf vielf\u00e4ltige Art und Weise im Gro\u00dfen und Kleinen vollbracht werden. \u201cJeden Tag eine gute Tat\u201d beschreibt mit einfachen Worten, was vor allem in der DPSG heutzutage mit viel Sprachwirrwarr und Wortneusch\u00f6pfungen als v\u00f6llig neu angepriesen wird: Das Sich-einsetzen f\u00fcr andere. Niemand erwartet von Euch, dass ihr jeden Tag wahre Wunder vollbringt wie zum Beispiel die Rettung der Menschheit, die Bek\u00e4mpfung des Hungers oder die Schaffung des Weltfriedens \u2013 eine gute Tat kann auch schon darin bestehen, dass man manchmal ein bisschen mehr R\u00fccksicht auf seine Mitmenschen nimmt.<\/p>\n<p>&nbsp;<\/p>\n<h4><b>Die Pfadfindergesetze<\/b><\/h4>\n<p>Als Pfadfinderin \u2026<\/p>\n<p>Als Pfadfinder \u2026<\/p>\n<ul>\n<li>\u2026 begegne ich allen Menschen mit Respekt und habe alle Pfadfinderinnen und Pfadfinder als Geschwister.<\/li>\n<li>\u2026 gehe ich zuversichtlich und mit wachen Augen durch die Welt.<\/li>\n<li>&#8230; bin ich h\u00f6flich und helfe da, wo es notwendig ist.<\/li>\n<li>&#8230; mache ich nichts halb und gebe auch in Schwierigkeiten nicht auf.<\/li>\n<li>\u2026 entwickle ich eine eigene Meinung und stehe f\u00fcr diese ein.<\/li>\n<li>\u2026 sage ich, was ich denke, und tue, was ich sage.<\/li>\n<li>\u2026 lebe ich einfach und umweltbewusst.<\/li>\n<li>&#8230; stehe ich zu meiner Herkunft und zu meinem Glauben.<\/li>\n<\/ul>\n<p>&nbsp;<\/p>\n<h4><b>Der Pfadfindergru\u00df<br \/>\n<\/b><\/h4>\n<h3><b><img loading=\"lazy\" decoding=\"async\" class=\"alignright\" src=\"http:\/\/www.christophbeer.de\/data\/dpsg\/stamm_02\/wp-content\/uploads\/2013\/04\/Pfadigruss.jpg\" alt=\"Pfadigruss\" width=\"81\" height=\"162\" \/><\/b><\/h3>\n<p>Auf der ganzen Welt ist der Pfadfindergru\u00df einheitlich. Die rechte Hand wird mit der Handfl\u00e4che nach vorne bis in Schulterh\u00f6he gehoben. Der Daumen legt sich dabei auf den gebeugten kleinen Finger \u2013 als symbolische Geste daf\u00fcr, dass der Starke den Schwachen sch\u00fctzt. Die drei gestreckten Finger erinnern an die drei Grunds\u00e4tze auf denen die Weltpfadfinderbewegung basiert: Tapferkeit, Tugend, Treue. Pfadfinder auf der ganzen Welt reichen einander zum Gru\u00df grunds\u00e4tzlich die linke Hand, da man sagt, dass diese vom Herzen kommt. In fast allen europ\u00e4ischen und einigen au\u00dfereurop\u00e4ischen L\u00e4ndern spreizen sie dabei den kleinen Finger ab, wodurch ein zus\u00e4tzlicher H\u00e4ndedruck entsteht, welcher besondere Verbundenheit zeigt.<\/p>\n<p>&nbsp;<\/p>\n<h4><b>Der Pfadfinderpfiff<\/b><\/h4>\n<p>Der Pfadfinderpfiff ist international nicht sehr bekannt, aber dient er als ein sehr spezifisches und einfaches Erkennungszeichen.<\/p>\n<p><img loading=\"lazy\" decoding=\"async\" class=\"aligncenter\" src=\"http:\/\/www.christophbeer.de\/data\/dpsg\/stamm_02\/wp-content\/uploads\/2013\/04\/pfadfi1.gif\" alt=\"pfadfi1\" width=\"337\" height=\"68\" \/><\/p>\n<p>&nbsp;<\/p>\n<h4><b>Die internationale Kluft<br \/>\n<\/b><\/h4>\n<h3><b><img loading=\"lazy\" decoding=\"async\" class=\"alignright\" src=\"http:\/\/www.christophbeer.de\/data\/dpsg\/stamm_02\/wp-content\/uploads\/2013\/04\/bp_col1.jpg\" alt=\"bp_col\" width=\"132\" height=\"187\" \/><\/b><\/h3>\n<p>Die Kluft \u2013 in manchen L\u00e4ndern auch als Uniform oder Tracht bezeichnet \u2013 unterscheidet sich zwar von Land zu Land durch verschieden gestaltete Eigenheiten, ist aber seit den Gr\u00fcnderjahren im wesentlichen so erhalten, dass man auf der ganzen Welt als Pfadfinder erkennbar bist. Sie stammt von der berittenen Schutztruppe S\u00fcdafrikas, die von Baden-Powell aufgebaut und ausgebildet worden ist, ab und ist ganz auf Zweckm\u00e4\u00dfigkeit abgestimmt.<\/p>\n<p>Der Pfadfinderhut wird immer mehr von Baretts oder anderen Kopfbedeckungen verdr\u00e4ngt.<br \/>\nZur Kluft geh\u00f6rt die Pfadfinderlilie: Sie ist auf dem G\u00fcrtelschloss gepr\u00e4gt, wird als Stoffabzeichen auf das Hemd gen\u00e4ht und als Metallemblem auf dem Hut getragen.<br \/>\nWo welche Aufn\u00e4her anzubringen sind zeigt euch unsere Grafik.<\/p>\n<p style=\"text-align: left;\" align=\"center\"><img loading=\"lazy\" decoding=\"async\" src=\"http:\/\/www.christophbeer.de\/data\/dpsg\/stamm_02\/wp-content\/uploads\/2013\/04\/Kluft-Grafik-Aufn\u00e4her-295x300.gif\" alt=\"Kluft Grafik Aufn\u00e4her\" width=\"295\" height=\"300\" \/><\/p>\n<p style=\"text-align: left;\">Diese Grafik findet Ihr auch nochmal in der Rubrik Links \/ Downloads.<\/p>\n<h4><b>Das Pfadfinderversprechen<\/b><\/h4>\n<p>Das Pfadfinderversprechen entwickelte sich aus den drei Grunds\u00e4tzen, auf denen die weltweite Pfadfinderbewegung basiert:<\/p>\n<p align=\"center\">\u201eIch verspreche bei meiner Ehre, meinem Gott,<br \/>\nmeiner Religion und meinem Heimatland zu dienen,<br \/>\njederzeit allen Menschen zu helfen und<br \/>\nnach dem Pfadfindergesetz zu leben.\u201c<\/p>\n<p>Die Grundlinien unserer Lebensauffassung, die mit dem Inhalt des Pfadfinderversprechens eng verkn\u00fcpft sind:<\/p>\n<p><i>Leben in Hoffnung<br \/>\n<\/i>Wir wagen den Aufbruch in ein neues Leben, indem wir uns gegenseitig etwas zutrauen und nicht jeder nur f\u00fcr sich handelt.<\/p>\n<p><i>Leben in Freiheit<\/i><br \/>\nWir wollen Menschen sein, die reden, was sie denken und tun, was sie sagen. Dabei fordern wir von uns vor gro\u00dfen Aufgaben und in schwierigen Situationen den Mut zum Risiko.<\/p>\n<p><em id=\"__mceDel\"><em id=\"__mceDel\"> <i>Leben in Wahrheit<\/i><br \/>\nWir gehen den Dingen und Meinungen auf den Grund und gewinnen so unseren Standpunkt. Wir wollen Menschen sein, auf die man sich verlassen kann.<\/em><\/em><\/p>\n<p><em id=\"__mceDel\"><em id=\"__mceDel\"><em id=\"__mceDel\"> <i>Leben in t\u00e4tiger Solidarit\u00e4t<\/i><br \/>\nWir erkennen in jedem Menschen unsere Schwester oder unseren Bruder. Wo wir leben, halten wir die Augen offen f\u00fcr Unterdr\u00fcckung und Benachteiligung.<\/em><\/em><\/em><\/p>\n<p>&nbsp;<\/p>\n<h4>Einige Wegezeichen<\/h4>\n<p>Kennt ihr eigentlich das Wegezeichen, welches auf dem Grabstein von unserem Gr\u00fcnder eingraviert wurde?<\/p>\n<p style=\"text-align: center;\"><img loading=\"lazy\" decoding=\"async\" class=\"size-full wp-image-876 aligncenter\" src=\"http:\/\/www.christophbeer.de\/data\/dpsg\/stamm_02\/wp-content\/uploads\/2013\/04\/Wegezeichen-Ich-habe-meine-Aufgabe-....jpg\" alt=\"Wegezeichen - Ich habe meine Aufgabe ...\" width=\"60\" height=\"61\" \/><\/p>\n<p style=\"text-align: center;\" align=\"center\">\u201eIch habe meine Aufgabe erf\u00fcllt und bin nach Hause gegangen.\u201c<\/p>\n<p style=\"text-align: left;\"><strong>Hier noch ein paar weitere Wegezeichen, damit ihr im n\u00e4chsten Zeltlager oder Hike nicht die Orientierung verliert und denen, die euch folgen, Hinweise hinterlassen k\u00f6nnt!<\/strong><\/p>\n<p style=\"text-align: left;\"><img loading=\"lazy\" decoding=\"async\" class=\"size-full wp-image-877 aligncenter\" src=\"http:\/\/www.christophbeer.de\/data\/dpsg\/stamm_02\/wp-content\/uploads\/2013\/04\/Wegezeichen.jpg\" alt=\"Wegezeichen\" width=\"659\" height=\"621\" srcset=\"https:\/\/www.christophbeer.de\/data\/dpsg\/stamm_02\/wp-content\/uploads\/2013\/04\/Wegezeichen.jpg 659w, https:\/\/www.christophbeer.de\/data\/dpsg\/stamm_02\/wp-content\/uploads\/2013\/04\/Wegezeichen-300x283.jpg 300w\" sizes=\"auto, (max-width: 659px) 100vw, 659px\" \/><\/p>\n<h4>\u201eNeun Knoten sollst du kennen\u201c<\/h4>\n<p><img loading=\"lazy\" decoding=\"async\" class=\"size-full wp-image-878 aligncenter\" src=\"http:\/\/www.christophbeer.de\/data\/dpsg\/stamm_02\/wp-content\/uploads\/2013\/04\/Neun-Knoten.jpg\" alt=\"Neun Knoten\" width=\"467\" height=\"365\" srcset=\"https:\/\/www.christophbeer.de\/data\/dpsg\/stamm_02\/wp-content\/uploads\/2013\/04\/Neun-Knoten.jpg 467w, https:\/\/www.christophbeer.de\/data\/dpsg\/stamm_02\/wp-content\/uploads\/2013\/04\/Neun-Knoten-300x234.jpg 300w\" sizes=\"auto, (max-width: 467px) 100vw, 467px\" \/><\/p>\n<p>&nbsp;<\/p>\n<p>&nbsp;<\/p>\n<h4>Einige Feuerarten<\/h4>\n<p><img loading=\"lazy\" decoding=\"async\" class=\"size-full wp-image-879 aligncenter\" src=\"http:\/\/www.christophbeer.de\/data\/dpsg\/stamm_02\/wp-content\/uploads\/2013\/04\/Feuerarten.jpg\" alt=\"Feuerarten\" width=\"553\" height=\"913\" srcset=\"https:\/\/www.christophbeer.de\/data\/dpsg\/stamm_02\/wp-content\/uploads\/2013\/04\/Feuerarten.jpg 553w, https:\/\/www.christophbeer.de\/data\/dpsg\/stamm_02\/wp-content\/uploads\/2013\/04\/Feuerarten-182x300.jpg 182w\" sizes=\"auto, (max-width: 553px) 100vw, 553px\" \/><\/p>\n<p>&nbsp;<\/p>\n<p>&nbsp;<\/p>\n<p>&nbsp;<\/p>\n","protected":false},"excerpt":{"rendered":"<p>Das Motto: \u201cbe prepared\u201d \u2013 \u201eAllzeit bereit\u201c Mit dem Pfadfindermotto wird die (Charakter-)Eigenschaft eines Pfadfinders auf den Punkt gebracht, die nach der Meinung von Baden-Powell, Voraussetzung f\u00fcr die Erf\u00fcllung aller gestellten Aufgaben und die Verrichtung aller Dinge, die man sich vornimmt, erforderlich ist: Allzeit bereit\/gut vorbereitet zu sein. Es kann in allen m\u00f6glichen Situationen des [&hellip;]<\/p>\n","protected":false},"author":2,"featured_media":0,"parent":0,"menu_order":30,"comment_status":"closed","ping_status":"closed","template":"","meta":{"footnotes":""},"class_list":["post-25","page","type-page","status-publish","hentry"],"_links":{"self":[{"href":"https:\/\/www.christophbeer.de\/data\/dpsg\/stamm_02\/wp-json\/wp\/v2\/pages\/25","targetHints":{"allow":["GET"]}}],"collection":[{"href":"https:\/\/www.christophbeer.de\/data\/dpsg\/stamm_02\/wp-json\/wp\/v2\/pages"}],"about":[{"href":"https:\/\/www.christophbeer.de\/data\/dpsg\/stamm_02\/wp-json\/wp\/v2\/types\/page"}],"author":[{"embeddable":true,"href":"https:\/\/www.christophbeer.de\/data\/dpsg\/stamm_02\/wp-json\/wp\/v2\/users\/2"}],"replies":[{"embeddable":true,"href":"https:\/\/www.christophbeer.de\/data\/dpsg\/stamm_02\/wp-json\/wp\/v2\/comments?post=25"}],"version-history":[{"count":4,"href":"https:\/\/www.christophbeer.de\/data\/dpsg\/stamm_02\/wp-json\/wp\/v2\/pages\/25\/revisions"}],"predecessor-version":[{"id":1651,"href":"https:\/\/www.christophbeer.de\/data\/dpsg\/stamm_02\/wp-json\/wp\/v2\/pages\/25\/revisions\/1651"}],"wp:attachment":[{"href":"https:\/\/www.christophbeer.de\/data\/dpsg\/stamm_02\/wp-json\/wp\/v2\/media?parent=25"}],"curies":[{"name":"wp","href":"https:\/\/api.w.org\/{rel}","templated":true}]}}