{"id":27,"date":"2013-04-09T20:45:44","date_gmt":"2013-04-09T18:45:44","guid":{"rendered":"http:\/\/www.christophbeer.de\/data\/dpsg\/stamm\/?page_id=27"},"modified":"2016-12-30T19:18:52","modified_gmt":"2016-12-30T18:18:52","slug":"fotos","status":"publish","type":"page","link":"https:\/\/www.christophbeer.de\/data\/dpsg\/stamm_02\/fotos\/","title":{"rendered":"Fotoarchiv"},"content":{"rendered":"<p>\u00dcber 50 Jahre Pfadfinder in Windischeschenbach &#8211; unz\u00e4hlige Erinnerungen, Eindr\u00fccke und Fotos. Hier m\u00f6chten wir Ihnen eine kleine Auswahl der letzten Jahrzehnte pr\u00e4sentieren.<\/p>\n<p><img loading=\"lazy\" decoding=\"async\" class=\"alignright wp-image-1440 \" src=\"http:\/\/www.christophbeer.de\/data\/dpsg\/stamm_02\/wp-content\/uploads\/2013\/04\/USBstick_Bilderarchiv-e1483119120193-300x203.jpg\" width=\"302\" height=\"204\" srcset=\"https:\/\/www.christophbeer.de\/data\/dpsg\/stamm_02\/wp-content\/uploads\/2013\/04\/USBstick_Bilderarchiv-e1483119120193-300x203.jpg 300w, https:\/\/www.christophbeer.de\/data\/dpsg\/stamm_02\/wp-content\/uploads\/2013\/04\/USBstick_Bilderarchiv-e1483119120193-768x518.jpg 768w, https:\/\/www.christophbeer.de\/data\/dpsg\/stamm_02\/wp-content\/uploads\/2013\/04\/USBstick_Bilderarchiv-e1483119120193-1024x691.jpg 1024w, https:\/\/www.christophbeer.de\/data\/dpsg\/stamm_02\/wp-content\/uploads\/2013\/04\/USBstick_Bilderarchiv-e1483119120193.jpg 1600w\" sizes=\"auto, (max-width: 302px) 100vw, 302px\" \/><br \/>\nDas gesamte Bilderarchiv unseres Stammes ist als USB-Stick zum Selbstkostenpreis bei unseren Stammesvorst\u00e4nden zu erwerben.<\/p>\n<p>Melden Sie sich einfach unter: mail@pfadfinder-windischeschenbach.de<\/p>\n<p>&nbsp;<\/p>\n<p>&nbsp;<\/p>\n<p>&nbsp;<\/p>\n\n\t\t<style type=\"text\/css\">\n\t\t\t#gallery-1 {\n\t\t\t\tmargin: auto;\n\t\t\t}\n\t\t\t#gallery-1 .gallery-item {\n\t\t\t\tfloat: left;\n\t\t\t\tmargin-top: 10px;\n\t\t\t\ttext-align: center;\n\t\t\t\twidth: 50%;\n\t\t\t}\n\t\t\t#gallery-1 img {\n\t\t\t\tborder: 2px solid #cfcfcf;\n\t\t\t}\n\t\t\t#gallery-1 .gallery-caption {\n\t\t\t\tmargin-left: 0;\n\t\t\t}\n\t\t\t\/* see gallery_shortcode() in wp-includes\/media.php *\/\n\t\t<\/style>\n\t\t<div id='gallery-1' class='gallery galleryid-27 gallery-columns-2 gallery-size-large'><dl class='gallery-item'>\n\t\t\t<dt class='gallery-icon portrait'>\n\t\t\t\t<a href='https:\/\/www.christophbeer.de\/data\/dpsg\/stamm_02\/wp-content\/uploads\/2013\/04\/01_1950_60_02.jpg'><img loading=\"lazy\" decoding=\"async\" width=\"610\" height=\"863\" src=\"https:\/\/www.christophbeer.de\/data\/dpsg\/stamm_02\/wp-content\/uploads\/2013\/04\/01_1950_60_02-724x1024.jpg\" class=\"attachment-large size-large\" alt=\"\" srcset=\"https:\/\/www.christophbeer.de\/data\/dpsg\/stamm_02\/wp-content\/uploads\/2013\/04\/01_1950_60_02-724x1024.jpg 724w, https:\/\/www.christophbeer.de\/data\/dpsg\/stamm_02\/wp-content\/uploads\/2013\/04\/01_1950_60_02-212x300.jpg 212w, https:\/\/www.christophbeer.de\/data\/dpsg\/stamm_02\/wp-content\/uploads\/2013\/04\/01_1950_60_02-768x1086.jpg 768w\" sizes=\"auto, (max-width: 610px) 100vw, 610px\" \/><\/a>\n\t\t\t<\/dt><\/dl><dl class='gallery-item'>\n\t\t\t<dt class='gallery-icon portrait'>\n\t\t\t\t<a href='https:\/\/www.christophbeer.de\/data\/dpsg\/stamm_02\/wp-content\/uploads\/2013\/04\/02_1966_71_02.jpg'><img loading=\"lazy\" decoding=\"async\" width=\"610\" height=\"863\" src=\"https:\/\/www.christophbeer.de\/data\/dpsg\/stamm_02\/wp-content\/uploads\/2013\/04\/02_1966_71_02-724x1024.jpg\" class=\"attachment-large size-large\" alt=\"\" srcset=\"https:\/\/www.christophbeer.de\/data\/dpsg\/stamm_02\/wp-content\/uploads\/2013\/04\/02_1966_71_02-724x1024.jpg 724w, https:\/\/www.christophbeer.de\/data\/dpsg\/stamm_02\/wp-content\/uploads\/2013\/04\/02_1966_71_02-212x300.jpg 212w, https:\/\/www.christophbeer.de\/data\/dpsg\/stamm_02\/wp-content\/uploads\/2013\/04\/02_1966_71_02-768x1086.jpg 768w\" sizes=\"auto, (max-width: 610px) 100vw, 610px\" \/><\/a>\n\t\t\t<\/dt><\/dl><br style=\"clear: both\" \/><dl class='gallery-item'>\n\t\t\t<dt class='gallery-icon portrait'>\n\t\t\t\t<a href='https:\/\/www.christophbeer.de\/data\/dpsg\/stamm_02\/wp-content\/uploads\/2013\/04\/03_1972_76_02.jpg'><img loading=\"lazy\" decoding=\"async\" width=\"610\" height=\"863\" src=\"https:\/\/www.christophbeer.de\/data\/dpsg\/stamm_02\/wp-content\/uploads\/2013\/04\/03_1972_76_02-724x1024.jpg\" class=\"attachment-large size-large\" alt=\"\" srcset=\"https:\/\/www.christophbeer.de\/data\/dpsg\/stamm_02\/wp-content\/uploads\/2013\/04\/03_1972_76_02-724x1024.jpg 724w, https:\/\/www.christophbeer.de\/data\/dpsg\/stamm_02\/wp-content\/uploads\/2013\/04\/03_1972_76_02-212x300.jpg 212w, https:\/\/www.christophbeer.de\/data\/dpsg\/stamm_02\/wp-content\/uploads\/2013\/04\/03_1972_76_02-768x1086.jpg 768w\" sizes=\"auto, (max-width: 610px) 100vw, 610px\" \/><\/a>\n\t\t\t<\/dt><\/dl><dl class='gallery-item'>\n\t\t\t<dt class='gallery-icon portrait'>\n\t\t\t\t<a href='https:\/\/www.christophbeer.de\/data\/dpsg\/stamm_02\/wp-content\/uploads\/2013\/04\/04_1977-1981_02.jpg'><img loading=\"lazy\" decoding=\"async\" width=\"610\" height=\"863\" src=\"https:\/\/www.christophbeer.de\/data\/dpsg\/stamm_02\/wp-content\/uploads\/2013\/04\/04_1977-1981_02-724x1024.jpg\" class=\"attachment-large size-large\" alt=\"\" srcset=\"https:\/\/www.christophbeer.de\/data\/dpsg\/stamm_02\/wp-content\/uploads\/2013\/04\/04_1977-1981_02-724x1024.jpg 724w, https:\/\/www.christophbeer.de\/data\/dpsg\/stamm_02\/wp-content\/uploads\/2013\/04\/04_1977-1981_02-212x300.jpg 212w, https:\/\/www.christophbeer.de\/data\/dpsg\/stamm_02\/wp-content\/uploads\/2013\/04\/04_1977-1981_02-768x1086.jpg 768w\" sizes=\"auto, (max-width: 610px) 100vw, 610px\" \/><\/a>\n\t\t\t<\/dt><\/dl><br style=\"clear: both\" \/><dl class='gallery-item'>\n\t\t\t<dt class='gallery-icon portrait'>\n\t\t\t\t<a href='https:\/\/www.christophbeer.de\/data\/dpsg\/stamm_02\/wp-content\/uploads\/2013\/04\/05_1982_86_02.jpg'><img loading=\"lazy\" decoding=\"async\" width=\"610\" height=\"863\" src=\"https:\/\/www.christophbeer.de\/data\/dpsg\/stamm_02\/wp-content\/uploads\/2013\/04\/05_1982_86_02-724x1024.jpg\" class=\"attachment-large size-large\" alt=\"\" srcset=\"https:\/\/www.christophbeer.de\/data\/dpsg\/stamm_02\/wp-content\/uploads\/2013\/04\/05_1982_86_02-724x1024.jpg 724w, https:\/\/www.christophbeer.de\/data\/dpsg\/stamm_02\/wp-content\/uploads\/2013\/04\/05_1982_86_02-212x300.jpg 212w, https:\/\/www.christophbeer.de\/data\/dpsg\/stamm_02\/wp-content\/uploads\/2013\/04\/05_1982_86_02-768x1086.jpg 768w\" sizes=\"auto, (max-width: 610px) 100vw, 610px\" \/><\/a>\n\t\t\t<\/dt><\/dl><dl class='gallery-item'>\n\t\t\t<dt class='gallery-icon portrait'>\n\t\t\t\t<a href='https:\/\/www.christophbeer.de\/data\/dpsg\/stamm_02\/wp-content\/uploads\/2013\/04\/06_1987_91_02.jpg'><img loading=\"lazy\" decoding=\"async\" width=\"610\" height=\"863\" src=\"https:\/\/www.christophbeer.de\/data\/dpsg\/stamm_02\/wp-content\/uploads\/2013\/04\/06_1987_91_02-724x1024.jpg\" class=\"attachment-large size-large\" alt=\"\" srcset=\"https:\/\/www.christophbeer.de\/data\/dpsg\/stamm_02\/wp-content\/uploads\/2013\/04\/06_1987_91_02-724x1024.jpg 724w, https:\/\/www.christophbeer.de\/data\/dpsg\/stamm_02\/wp-content\/uploads\/2013\/04\/06_1987_91_02-212x300.jpg 212w, https:\/\/www.christophbeer.de\/data\/dpsg\/stamm_02\/wp-content\/uploads\/2013\/04\/06_1987_91_02-768x1086.jpg 768w\" sizes=\"auto, (max-width: 610px) 100vw, 610px\" \/><\/a>\n\t\t\t<\/dt><\/dl><br style=\"clear: both\" \/><dl class='gallery-item'>\n\t\t\t<dt class='gallery-icon portrait'>\n\t\t\t\t<a href='https:\/\/www.christophbeer.de\/data\/dpsg\/stamm_02\/wp-content\/uploads\/2013\/04\/07_1992_96_02.jpg'><img loading=\"lazy\" decoding=\"async\" width=\"610\" height=\"863\" src=\"https:\/\/www.christophbeer.de\/data\/dpsg\/stamm_02\/wp-content\/uploads\/2013\/04\/07_1992_96_02-724x1024.jpg\" class=\"attachment-large size-large\" alt=\"\" srcset=\"https:\/\/www.christophbeer.de\/data\/dpsg\/stamm_02\/wp-content\/uploads\/2013\/04\/07_1992_96_02-724x1024.jpg 724w, https:\/\/www.christophbeer.de\/data\/dpsg\/stamm_02\/wp-content\/uploads\/2013\/04\/07_1992_96_02-212x300.jpg 212w, https:\/\/www.christophbeer.de\/data\/dpsg\/stamm_02\/wp-content\/uploads\/2013\/04\/07_1992_96_02-768x1086.jpg 768w\" sizes=\"auto, (max-width: 610px) 100vw, 610px\" \/><\/a>\n\t\t\t<\/dt><\/dl><dl class='gallery-item'>\n\t\t\t<dt class='gallery-icon portrait'>\n\t\t\t\t<a href='https:\/\/www.christophbeer.de\/data\/dpsg\/stamm_02\/wp-content\/uploads\/2013\/04\/08_1997_01_02.jpg'><img loading=\"lazy\" decoding=\"async\" width=\"610\" height=\"863\" src=\"https:\/\/www.christophbeer.de\/data\/dpsg\/stamm_02\/wp-content\/uploads\/2013\/04\/08_1997_01_02-724x1024.jpg\" class=\"attachment-large size-large\" alt=\"\" srcset=\"https:\/\/www.christophbeer.de\/data\/dpsg\/stamm_02\/wp-content\/uploads\/2013\/04\/08_1997_01_02-724x1024.jpg 724w, https:\/\/www.christophbeer.de\/data\/dpsg\/stamm_02\/wp-content\/uploads\/2013\/04\/08_1997_01_02-212x300.jpg 212w, https:\/\/www.christophbeer.de\/data\/dpsg\/stamm_02\/wp-content\/uploads\/2013\/04\/08_1997_01_02-768x1086.jpg 768w\" sizes=\"auto, (max-width: 610px) 100vw, 610px\" \/><\/a>\n\t\t\t<\/dt><\/dl><br style=\"clear: both\" \/><dl class='gallery-item'>\n\t\t\t<dt class='gallery-icon portrait'>\n\t\t\t\t<a href='https:\/\/www.christophbeer.de\/data\/dpsg\/stamm_02\/wp-content\/uploads\/2013\/04\/09_2002_06_02.jpg'><img loading=\"lazy\" decoding=\"async\" width=\"610\" height=\"863\" src=\"https:\/\/www.christophbeer.de\/data\/dpsg\/stamm_02\/wp-content\/uploads\/2013\/04\/09_2002_06_02-724x1024.jpg\" class=\"attachment-large size-large\" alt=\"\" srcset=\"https:\/\/www.christophbeer.de\/data\/dpsg\/stamm_02\/wp-content\/uploads\/2013\/04\/09_2002_06_02-724x1024.jpg 724w, https:\/\/www.christophbeer.de\/data\/dpsg\/stamm_02\/wp-content\/uploads\/2013\/04\/09_2002_06_02-212x300.jpg 212w, https:\/\/www.christophbeer.de\/data\/dpsg\/stamm_02\/wp-content\/uploads\/2013\/04\/09_2002_06_02-768x1086.jpg 768w\" sizes=\"auto, (max-width: 610px) 100vw, 610px\" \/><\/a>\n\t\t\t<\/dt><\/dl><dl class='gallery-item'>\n\t\t\t<dt class='gallery-icon portrait'>\n\t\t\t\t<a href='https:\/\/www.christophbeer.de\/data\/dpsg\/stamm_02\/wp-content\/uploads\/2013\/04\/10_2007_11_02.jpg'><img loading=\"lazy\" decoding=\"async\" width=\"610\" height=\"863\" src=\"https:\/\/www.christophbeer.de\/data\/dpsg\/stamm_02\/wp-content\/uploads\/2013\/04\/10_2007_11_02-724x1024.jpg\" class=\"attachment-large size-large\" alt=\"\" srcset=\"https:\/\/www.christophbeer.de\/data\/dpsg\/stamm_02\/wp-content\/uploads\/2013\/04\/10_2007_11_02-724x1024.jpg 724w, https:\/\/www.christophbeer.de\/data\/dpsg\/stamm_02\/wp-content\/uploads\/2013\/04\/10_2007_11_02-212x300.jpg 212w, https:\/\/www.christophbeer.de\/data\/dpsg\/stamm_02\/wp-content\/uploads\/2013\/04\/10_2007_11_02-768x1086.jpg 768w\" sizes=\"auto, (max-width: 610px) 100vw, 610px\" \/><\/a>\n\t\t\t<\/dt><\/dl><br style=\"clear: both\" \/><dl class='gallery-item'>\n\t\t\t<dt class='gallery-icon portrait'>\n\t\t\t\t<a href='https:\/\/www.christophbeer.de\/data\/dpsg\/stamm_02\/wp-content\/uploads\/2013\/04\/11_2012_16_02.jpg'><img loading=\"lazy\" decoding=\"async\" width=\"610\" height=\"863\" src=\"https:\/\/www.christophbeer.de\/data\/dpsg\/stamm_02\/wp-content\/uploads\/2013\/04\/11_2012_16_02-724x1024.jpg\" class=\"attachment-large size-large\" alt=\"\" srcset=\"https:\/\/www.christophbeer.de\/data\/dpsg\/stamm_02\/wp-content\/uploads\/2013\/04\/11_2012_16_02-724x1024.jpg 724w, https:\/\/www.christophbeer.de\/data\/dpsg\/stamm_02\/wp-content\/uploads\/2013\/04\/11_2012_16_02-212x300.jpg 212w, https:\/\/www.christophbeer.de\/data\/dpsg\/stamm_02\/wp-content\/uploads\/2013\/04\/11_2012_16_02-768x1086.jpg 768w\" sizes=\"auto, (max-width: 610px) 100vw, 610px\" \/><\/a>\n\t\t\t<\/dt><\/dl>\n\t\t\t<br style='clear: both' \/>\n\t\t<\/div>\n\n<p>&nbsp;<\/p>\n<p>&nbsp;<\/p>\n<p>&nbsp;<\/p>\n<p>&nbsp;<\/p>\n","protected":false},"excerpt":{"rendered":"<p>\u00dcber 50 Jahre Pfadfinder in Windischeschenbach &#8211; unz\u00e4hlige Erinnerungen, Eindr\u00fccke und Fotos. Hier m\u00f6chten wir Ihnen eine kleine Auswahl der letzten Jahrzehnte pr\u00e4sentieren. Das gesamte Bilderarchiv unseres Stammes ist als USB-Stick zum Selbstkostenpreis bei unseren Stammesvorst\u00e4nden zu erwerben. Melden Sie sich einfach unter: mail@pfadfinder-windischeschenbach.de &nbsp; &nbsp; &nbsp; &nbsp; &nbsp; &nbsp; &nbsp;<\/p>\n","protected":false},"author":2,"featured_media":0,"parent":0,"menu_order":40,"comment_status":"closed","ping_status":"closed","template":"","meta":{"footnotes":""},"class_list":["post-27","page","type-page","status-publish","hentry"],"_links":{"self":[{"href":"https:\/\/www.christophbeer.de\/data\/dpsg\/stamm_02\/wp-json\/wp\/v2\/pages\/27","targetHints":{"allow":["GET"]}}],"collection":[{"href":"https:\/\/www.christophbeer.de\/data\/dpsg\/stamm_02\/wp-json\/wp\/v2\/pages"}],"about":[{"href":"https:\/\/www.christophbeer.de\/data\/dpsg\/stamm_02\/wp-json\/wp\/v2\/types\/page"}],"author":[{"embeddable":true,"href":"https:\/\/www.christophbeer.de\/data\/dpsg\/stamm_02\/wp-json\/wp\/v2\/users\/2"}],"replies":[{"embeddable":true,"href":"https:\/\/www.christophbeer.de\/data\/dpsg\/stamm_02\/wp-json\/wp\/v2\/comments?post=27"}],"version-history":[{"count":24,"href":"https:\/\/www.christophbeer.de\/data\/dpsg\/stamm_02\/wp-json\/wp\/v2\/pages\/27\/revisions"}],"predecessor-version":[{"id":1472,"href":"https:\/\/www.christophbeer.de\/data\/dpsg\/stamm_02\/wp-json\/wp\/v2\/pages\/27\/revisions\/1472"}],"wp:attachment":[{"href":"https:\/\/www.christophbeer.de\/data\/dpsg\/stamm_02\/wp-json\/wp\/v2\/media?parent=27"}],"curies":[{"name":"wp","href":"https:\/\/api.w.org\/{rel}","templated":true}]}}