{"id":727,"date":"2014-09-07T14:23:15","date_gmt":"2014-09-07T12:23:15","guid":{"rendered":"http:\/\/www.christophbeer.de\/data\/dpsg\/stamm\/?page_id=727"},"modified":"2017-01-02T11:08:57","modified_gmt":"2017-01-02T10:08:57","slug":"gemeinschaft-sankt-georg-windischeschenbach-gsg","status":"publish","type":"page","link":"https:\/\/www.christophbeer.de\/data\/dpsg\/stamm_02\/stufen-gruppen\/gemeinschaft-sankt-georg-windischeschenbach-gsg\/","title":{"rendered":"Gemeinschaft Sankt Georg &#8211; GSG"},"content":{"rendered":"<h4 style=\"text-align: center;\"><strong>Einmal Pfadfinder &#8211; immer Pfadfinder!<\/strong><\/h4>\n<h4 style=\"text-align: center;\">Ein Verein zur F\u00f6rderung der DPSG in Windischeschenbach.<\/h4>\n<blockquote>\n<p style=\"text-align: center;\">&#8222;Liebe Freunde der Pfadfinder Windischeschenbach,<\/p>\n<p style=\"text-align: center;\">wir, die GSG-Windischeschenbach, sind ein Verein zur Unterst\u00fctzung junger Familien und der Arbeit mit Kindern und Jugendlichen in Windischeschenbach.<\/p>\n<p style=\"text-align: center;\">Seit einigen Jahren k\u00fcmmern wir uns nun schon gemeinsam mit der Leiterrunde der DPSG um den Waldspielplatz an der Rundschleifstra\u00dfe.<\/p>\n<p style=\"text-align: center;\">Zum Erhalt des Spielplatzes veranstalten wir mittlerweile schon fast traditionell unser Spielplatzfest am Vatertag mit Fr\u00fchschoppen, Grillspezialit\u00e4ten, Kaffee und Kuchen und und und &#8230; Die Einnahmen werden zu 100% f\u00fcr Reparaturen am Spielplatz verwendet.<\/p>\n<p style=\"text-align: center;\"><em>GUT PFAD,<br \/>\n<\/em><em>eure GSG Windischeschenbach&#8220;<\/em><\/p>\n<\/blockquote>\n<h4 style=\"text-align: center;\">Weitere Informationen:<br \/>\n<a href=\"http:\/\/www.gsg-windischeschenbach.de\/\" target=\"_blank\"><strong>www.gsg- windischeschenbach.de<\/strong><\/a><\/h4>\n<h4 style=\"text-align: center;\"><a href=\"http:\/\/www.christophbeer.de\/data\/extern\/GSG\/AufnGSGwe.pdf\" target=\"_blank\">Aufnahmeantrag hier herunterladen.<\/a><\/h4>\n<p>&nbsp;<\/p>\n","protected":false},"excerpt":{"rendered":"<p>Einmal Pfadfinder &#8211; immer Pfadfinder! Ein Verein zur F\u00f6rderung der DPSG in Windischeschenbach. &#8222;Liebe Freunde der Pfadfinder Windischeschenbach, wir, die GSG-Windischeschenbach, sind ein Verein zur Unterst\u00fctzung junger Familien und der Arbeit mit Kindern und Jugendlichen in Windischeschenbach. Seit einigen Jahren k\u00fcmmern wir uns nun schon gemeinsam mit der Leiterrunde der DPSG um den Waldspielplatz an [&hellip;]<\/p>\n","protected":false},"author":4,"featured_media":0,"parent":10,"menu_order":0,"comment_status":"closed","ping_status":"closed","template":"","meta":{"footnotes":""},"class_list":["post-727","page","type-page","status-publish","hentry"],"_links":{"self":[{"href":"https:\/\/www.christophbeer.de\/data\/dpsg\/stamm_02\/wp-json\/wp\/v2\/pages\/727","targetHints":{"allow":["GET"]}}],"collection":[{"href":"https:\/\/www.christophbeer.de\/data\/dpsg\/stamm_02\/wp-json\/wp\/v2\/pages"}],"about":[{"href":"https:\/\/www.christophbeer.de\/data\/dpsg\/stamm_02\/wp-json\/wp\/v2\/types\/page"}],"author":[{"embeddable":true,"href":"https:\/\/www.christophbeer.de\/data\/dpsg\/stamm_02\/wp-json\/wp\/v2\/users\/4"}],"replies":[{"embeddable":true,"href":"https:\/\/www.christophbeer.de\/data\/dpsg\/stamm_02\/wp-json\/wp\/v2\/comments?post=727"}],"version-history":[{"count":9,"href":"https:\/\/www.christophbeer.de\/data\/dpsg\/stamm_02\/wp-json\/wp\/v2\/pages\/727\/revisions"}],"predecessor-version":[{"id":1521,"href":"https:\/\/www.christophbeer.de\/data\/dpsg\/stamm_02\/wp-json\/wp\/v2\/pages\/727\/revisions\/1521"}],"up":[{"embeddable":true,"href":"https:\/\/www.christophbeer.de\/data\/dpsg\/stamm_02\/wp-json\/wp\/v2\/pages\/10"}],"wp:attachment":[{"href":"https:\/\/www.christophbeer.de\/data\/dpsg\/stamm_02\/wp-json\/wp\/v2\/media?parent=727"}],"curies":[{"name":"wp","href":"https:\/\/api.w.org\/{rel}","templated":true}]}}