{"id":80,"date":"2013-04-09T21:48:28","date_gmt":"2013-04-09T19:48:28","guid":{"rendered":"http:\/\/www.christophbeer.de\/data\/dpsg\/stamm\/?page_id=80"},"modified":"2026-01-05T20:38:25","modified_gmt":"2026-01-05T19:38:25","slug":"termine-aktionen","status":"publish","type":"page","link":"https:\/\/www.christophbeer.de\/data\/dpsg\/stamm_02\/termine-aktionen\/","title":{"rendered":"Jahresplanung 2026"},"content":{"rendered":"<p><span style=\"color: #000000;\"><img loading=\"lazy\" decoding=\"async\" class=\"aligncenter wp-image-1326 size-full\" src=\"http:\/\/www.christophbeer.de\/data\/dpsg\/stamm_02\/wp-content\/uploads\/2016\/12\/P1010813_02.jpg\" alt=\"\" width=\"1300\" height=\"160\" srcset=\"https:\/\/www.christophbeer.de\/data\/dpsg\/stamm_02\/wp-content\/uploads\/2016\/12\/P1010813_02.jpg 1300w, https:\/\/www.christophbeer.de\/data\/dpsg\/stamm_02\/wp-content\/uploads\/2016\/12\/P1010813_02-300x37.jpg 300w, https:\/\/www.christophbeer.de\/data\/dpsg\/stamm_02\/wp-content\/uploads\/2016\/12\/P1010813_02-768x95.jpg 768w, https:\/\/www.christophbeer.de\/data\/dpsg\/stamm_02\/wp-content\/uploads\/2016\/12\/P1010813_02-1024x126.jpg 1024w\" sizes=\"auto, (max-width: 1300px) 100vw, 1300px\" \/><\/span><\/p>\n<h3>Januar<\/h3>\n<p>05. | Stammesversammlung<\/p>\n<h3>Februar<\/h3>\n<p>08. | Bezirksversammlung in Neuhaus<\/p>\n<p>17. | Faschingszug in Neuhaus<\/p>\n<h3>M\u00e4rz<\/h3>\n<p>13. &#8211; 15. | Di\u00f6zesanversammlung<\/p>\n<p>14. oder 15. | W\u00f6lflingsausflug der Sippen Drache und Eichh\u00f6rnchen<\/p>\n<h3>April<\/h3>\n<p>05. | Teilnahme an der Osternacht<\/p>\n<p>06. | Emmauswanderung<\/p>\n<p>12. | Fototermin Jubil\u00e4um 60 Jahre<\/p>\n<p>17. &#8211; 19. | Bezirkswochenende<\/p>\n<p>25. | Georgslauf in Neuhaus<\/p>\n<h3>Mai<\/h3>\n<p>14. | Spielplatzes der GSG<\/p>\n<p>23. &#8211; 27. | Stammeslager gemeinsam mit dem Stamm Neuhaus<\/p>\n<h3>Juni<\/h3>\n<p>04. | Fronleichnam<\/p>\n<p>20. | Johannisfeuer<\/p>\n<h3>Juli<\/h3>\n<p>\/<\/p>\n<h3>August<\/h3>\n<p>02. &#8211; 06. | Bundesstufenlager Jungpfadfinder &#8222;Kunterbunt Gemeinsam Unschlagbar&#8220;<\/p>\n<p>08. | Jubil\u00e4umsfest 60 Jahre<\/p>\n<h3>September<\/h3>\n<p>03. &#8211; 11. | Rover-Bayernlager<\/p>\n<h3>Oktober<\/h3>\n<p>11. | Versprechensfeier<\/p>\n<p>23. &#8211; 25. | H\u00fcttenwochenende<\/p>\n<h3>November<\/h3>\n<p>08. | Jahresplanungsbesprechung f\u00fcr 2027<\/p>\n<h3>Dezember<\/h3>\n<p>05. | Weihnachtsmarkt<\/p>\n<p>20. | Weihnachtstruckeraktion<\/p>\n<h4 class=\"p1\"><\/h4>\n","protected":false},"excerpt":{"rendered":"<p>Januar 05. | Stammesversammlung Februar 08. | Bezirksversammlung in Neuhaus 17. | Faschingszug in Neuhaus M\u00e4rz 13. &#8211; 15. | Di\u00f6zesanversammlung 14. oder 15. | W\u00f6lflingsausflug der Sippen Drache und Eichh\u00f6rnchen April 05. | Teilnahme an der Osternacht 06. | Emmauswanderung 12. | Fototermin Jubil\u00e4um 60 Jahre 17. &#8211; 19. | Bezirkswochenende 25. | Georgslauf [&hellip;]<\/p>\n","protected":false},"author":2,"featured_media":0,"parent":0,"menu_order":0,"comment_status":"closed","ping_status":"closed","template":"","meta":{"footnotes":""},"class_list":["post-80","page","type-page","status-publish","hentry"],"_links":{"self":[{"href":"https:\/\/www.christophbeer.de\/data\/dpsg\/stamm_02\/wp-json\/wp\/v2\/pages\/80","targetHints":{"allow":["GET"]}}],"collection":[{"href":"https:\/\/www.christophbeer.de\/data\/dpsg\/stamm_02\/wp-json\/wp\/v2\/pages"}],"about":[{"href":"https:\/\/www.christophbeer.de\/data\/dpsg\/stamm_02\/wp-json\/wp\/v2\/types\/page"}],"author":[{"embeddable":true,"href":"https:\/\/www.christophbeer.de\/data\/dpsg\/stamm_02\/wp-json\/wp\/v2\/users\/2"}],"replies":[{"embeddable":true,"href":"https:\/\/www.christophbeer.de\/data\/dpsg\/stamm_02\/wp-json\/wp\/v2\/comments?post=80"}],"version-history":[{"count":67,"href":"https:\/\/www.christophbeer.de\/data\/dpsg\/stamm_02\/wp-json\/wp\/v2\/pages\/80\/revisions"}],"predecessor-version":[{"id":2454,"href":"https:\/\/www.christophbeer.de\/data\/dpsg\/stamm_02\/wp-json\/wp\/v2\/pages\/80\/revisions\/2454"}],"wp:attachment":[{"href":"https:\/\/www.christophbeer.de\/data\/dpsg\/stamm_02\/wp-json\/wp\/v2\/media?parent=80"}],"curies":[{"name":"wp","href":"https:\/\/api.w.org\/{rel}","templated":true}]}}